{"id":29,"date":"2018-03-25T16:33:15","date_gmt":"2018-03-25T13:33:15","guid":{"rendered":"https:\/\/newportkeilalahti.wordpress.com\/?page_id=29"},"modified":"2018-04-07T17:11:30","modified_gmt":"2018-04-07T17:11:30","slug":"veneilytietoa","status":"publish","type":"page","link":"https:\/\/www.newportkeilalahti.fi\/?page_id=29","title":{"rendered":"Veneilytietoa"},"content":{"rendered":"<p><strong>S<\/strong><img data-attachment-id=\"166\" data-permalink=\"https:\/\/www.newportkeilalahti.fi\/?attachment_id=166\" data-orig-file=\"https:\/\/i0.wp.com\/www.newportkeilalahti.fi\/wp-content\/uploads\/2018\/04\/spv-logo.png?fit=307%2C64&amp;ssl=1\" data-orig-size=\"307,64\" data-comments-opened=\"1\" data-image-meta=\"{&quot;aperture&quot;:&quot;0&quot;,&quot;credit&quot;:&quot;&quot;,&quot;camera&quot;:&quot;&quot;,&quot;caption&quot;:&quot;&quot;,&quot;created_timestamp&quot;:&quot;0&quot;,&quot;copyright&quot;:&quot;&quot;,&quot;focal_length&quot;:&quot;0&quot;,&quot;iso&quot;:&quot;0&quot;,&quot;shutter_speed&quot;:&quot;0&quot;,&quot;title&quot;:&quot;&quot;,&quot;orientation&quot;:&quot;0&quot;}\" data-image-title=\"spv-logo\" data-image-description=\"\" data-medium-file=\"https:\/\/i0.wp.com\/www.newportkeilalahti.fi\/wp-content\/uploads\/2018\/04\/spv-logo.png?fit=300%2C63&amp;ssl=1\" data-large-file=\"https:\/\/i0.wp.com\/www.newportkeilalahti.fi\/wp-content\/uploads\/2018\/04\/spv-logo.png?fit=307%2C64&amp;ssl=1\" loading=\"lazy\" class=\" size-full wp-image-166 alignleft\" src=\"https:\/\/i0.wp.com\/www.newportkeilalahti.fi\/wp-content\/uploads\/2018\/04\/spv-logo.png?resize=307%2C64\" alt=\"spv-logo\" width=\"307\" height=\"64\" srcset=\"https:\/\/i0.wp.com\/www.newportkeilalahti.fi\/wp-content\/uploads\/2018\/04\/spv-logo.png?w=307&amp;ssl=1 307w, https:\/\/i0.wp.com\/www.newportkeilalahti.fi\/wp-content\/uploads\/2018\/04\/spv-logo.png?resize=300%2C63&amp;ssl=1 300w\" sizes=\"(max-width: 307px) 100vw, 307px\" data-recalc-dims=\"1\" \/><strong>UULI<\/strong> on Suomen Purjehdus ja Veneily ry:n\u00a0j\u00e4sen- ja venerekisterij\u00e4rjestelm\u00e4.\u00a0 Suulissa hallinnoidaan j\u00e4sen- ja venerekistereit\u00e4, j\u00e4sen- ja muita maksuja sek\u00e4 veneiden katsastus- ja talvis\u00e4ilytystietoja. J\u00e4sen- ja venerekisterin tiedot ovat rajoitetusti my\u00f6s j\u00e4senten itsens\u00e4 n\u00e4ht\u00e4viss\u00e4 ja p\u00e4ivitett\u00e4viss\u00e4. J\u00e4senet voivat muokata esimerkiksi omia yhteystietojaan ja katsella itsellens\u00e4 rekister\u00f6ityjen veneiden katsastustietoja.<\/p>\n<p><b>Suulin\u00a0<\/b><b> <a href=\"https:\/\/suuli.spv.fi\/#\/login\" target=\"_blank\" rel=\"noopener\">sis\u00e4\u00e4nkirjautumissivu<\/a><\/b><\/p>\n<p>&nbsp;<\/p>\n<p><img data-attachment-id=\"170\" data-permalink=\"https:\/\/www.newportkeilalahti.fi\/?attachment_id=170\" data-orig-file=\"https:\/\/i0.wp.com\/www.newportkeilalahti.fi\/wp-content\/uploads\/2018\/04\/trafi-pinnalla.png?fit=1338%2C303&amp;ssl=1\" data-orig-size=\"1338,303\" data-comments-opened=\"1\" data-image-meta=\"{&quot;aperture&quot;:&quot;0&quot;,&quot;credit&quot;:&quot;&quot;,&quot;camera&quot;:&quot;&quot;,&quot;caption&quot;:&quot;&quot;,&quot;created_timestamp&quot;:&quot;0&quot;,&quot;copyright&quot;:&quot;&quot;,&quot;focal_length&quot;:&quot;0&quot;,&quot;iso&quot;:&quot;0&quot;,&quot;shutter_speed&quot;:&quot;0&quot;,&quot;title&quot;:&quot;&quot;,&quot;orientation&quot;:&quot;0&quot;}\" data-image-title=\"trafi pinnalla\" data-image-description=\"\" data-medium-file=\"https:\/\/i0.wp.com\/www.newportkeilalahti.fi\/wp-content\/uploads\/2018\/04\/trafi-pinnalla.png?fit=300%2C68&amp;ssl=1\" data-large-file=\"https:\/\/i0.wp.com\/www.newportkeilalahti.fi\/wp-content\/uploads\/2018\/04\/trafi-pinnalla.png?fit=700%2C159&amp;ssl=1\" loading=\"lazy\" class=\"alignnone size-full wp-image-170\" src=\"https:\/\/i0.wp.com\/www.newportkeilalahti.fi\/wp-content\/uploads\/2018\/04\/trafi-pinnalla.png?resize=700%2C159\" alt=\"trafi pinnalla.png\" width=\"700\" height=\"159\" srcset=\"https:\/\/i0.wp.com\/www.newportkeilalahti.fi\/wp-content\/uploads\/2018\/04\/trafi-pinnalla.png?w=1338&amp;ssl=1 1338w, https:\/\/i0.wp.com\/www.newportkeilalahti.fi\/wp-content\/uploads\/2018\/04\/trafi-pinnalla.png?resize=300%2C68&amp;ssl=1 300w, https:\/\/i0.wp.com\/www.newportkeilalahti.fi\/wp-content\/uploads\/2018\/04\/trafi-pinnalla.png?resize=768%2C174&amp;ssl=1 768w, https:\/\/i0.wp.com\/www.newportkeilalahti.fi\/wp-content\/uploads\/2018\/04\/trafi-pinnalla.png?resize=1024%2C232&amp;ssl=1 1024w\" sizes=\"(max-width: 700px) 100vw, 700px\" data-recalc-dims=\"1\" \/><strong>Trafin<\/strong> sivuilla voit testata miten hyvin osaat liikkua vesill\u00e4 ja kerrata solmut ja faktat talvikauden j\u00e4lkeen. Siirry sivuille <a href=\"http:\/\/pinnalla.trafi.fi\/#faktat\" target=\"_blank\" rel=\"noopener\">t\u00e4st\u00e4<\/a>.<\/p>\n<p>&nbsp;<\/p>\n<p><strong>Viitat ja navigoinnin<\/strong> vinkit voit kerrata vaikkapa <a href=\"https:\/\/venetieto.fi\/category\/tietonurkka\/\" target=\"_blank\" rel=\"noopener\">Venetiedon sivuilta<\/a>.<\/p>\n<p><img data-attachment-id=\"171\" data-permalink=\"https:\/\/www.newportkeilalahti.fi\/?attachment_id=171\" data-orig-file=\"https:\/\/i1.wp.com\/www.newportkeilalahti.fi\/wp-content\/uploads\/2018\/04\/viitat.jpg?fit=1030%2C587&amp;ssl=1\" data-orig-size=\"1030,587\" data-comments-opened=\"1\" data-image-meta=\"{&quot;aperture&quot;:&quot;0&quot;,&quot;credit&quot;:&quot;&quot;,&quot;camera&quot;:&quot;&quot;,&quot;caption&quot;:&quot;&quot;,&quot;created_timestamp&quot;:&quot;0&quot;,&quot;copyright&quot;:&quot;&quot;,&quot;focal_length&quot;:&quot;0&quot;,&quot;iso&quot;:&quot;0&quot;,&quot;shutter_speed&quot;:&quot;0&quot;,&quot;title&quot;:&quot;&quot;,&quot;orientation&quot;:&quot;0&quot;}\" data-image-title=\"viitat\" data-image-description=\"\" data-medium-file=\"https:\/\/i1.wp.com\/www.newportkeilalahti.fi\/wp-content\/uploads\/2018\/04\/viitat.jpg?fit=300%2C171&amp;ssl=1\" data-large-file=\"https:\/\/i1.wp.com\/www.newportkeilalahti.fi\/wp-content\/uploads\/2018\/04\/viitat.jpg?fit=700%2C399&amp;ssl=1\" loading=\"lazy\" class=\"alignnone size-full wp-image-171\" src=\"https:\/\/i1.wp.com\/www.newportkeilalahti.fi\/wp-content\/uploads\/2018\/04\/viitat.jpg?resize=700%2C399\" alt=\"viitat\" width=\"700\" height=\"399\" srcset=\"https:\/\/i1.wp.com\/www.newportkeilalahti.fi\/wp-content\/uploads\/2018\/04\/viitat.jpg?w=1030&amp;ssl=1 1030w, https:\/\/i1.wp.com\/www.newportkeilalahti.fi\/wp-content\/uploads\/2018\/04\/viitat.jpg?resize=300%2C171&amp;ssl=1 300w, https:\/\/i1.wp.com\/www.newportkeilalahti.fi\/wp-content\/uploads\/2018\/04\/viitat.jpg?resize=768%2C438&amp;ssl=1 768w, https:\/\/i1.wp.com\/www.newportkeilalahti.fi\/wp-content\/uploads\/2018\/04\/viitat.jpg?resize=1024%2C584&amp;ssl=1 1024w\" sizes=\"(max-width: 700px) 100vw, 700px\" data-recalc-dims=\"1\" \/><\/p>\n<p>&nbsp;<\/p>\n","protected":false},"excerpt":{"rendered":"<p>SUULI on Suomen Purjehdus ja Veneily ry:n\u00a0j\u00e4sen- ja venerekisterij\u00e4rjestelm\u00e4.\u00a0 Suulissa hallinnoidaan j\u00e4sen- ja venerekistereit\u00e4, j\u00e4sen- ja muita maksuja sek\u00e4 veneiden katsastus- ja talvis\u00e4ilytystietoja. J\u00e4sen- ja venerekisterin tiedot ovat rajoitetusti my\u00f6s j\u00e4senten itsens\u00e4 n\u00e4ht\u00e4viss\u00e4 ja p\u00e4ivitett\u00e4viss\u00e4. J\u00e4senet voivat muokata esimerkiksi omia yhteystietojaan ja katsella itsellens\u00e4 rekister\u00f6ityjen veneiden katsastustietoja. Suulin\u00a0 sis\u00e4\u00e4nkirjautumissivu &nbsp; Trafin sivuilla voit testata miten &hellip; <a href=\"https:\/\/www.newportkeilalahti.fi\/?page_id=29\" class=\"more-link\">Continue reading <span class=\"screen-reader-text\">Veneilytietoa<\/span> <span class=\"meta-nav\">&rarr;<\/span><\/a><\/p>\n","protected":false},"author":2,"featured_media":79,"parent":0,"menu_order":0,"comment_status":"closed","ping_status":"closed","template":"","meta":{"spay_email":""},"jetpack_sharing_enabled":true,"jetpack_shortlink":"https:\/\/wp.me\/P9Oipr-t","jetpack-related-posts":[{"id":27,"url":"https:\/\/www.newportkeilalahti.fi\/?page_id=27","url_meta":{"origin":29,"position":0},"title":"Hallitus","date":"maaliskuu 25, 2018","format":false,"excerpt":"New Port Yacht Club Keilalahti Ry Hallitus 2024 Mikko Nevala, Puheenjohtaja Jan Kansanaho Jukka Ylimutka, Hallituksen j\u00e4sen, sihteeri Lars G\u00e4rkman, Rahastonhoitaja, J\u00e4senasiat Ota yhteytt\u00e4: hallitus@newportkeilalahti.fi KatsastajatJan Kansanaho, p\u00e4\u00e4katsastajaJukka Kuusinen, katsastaja","rel":"","context":"Samankaltainen artikkeli","img":{"alt_text":"","src":"https:\/\/i0.wp.com\/www.newportkeilalahti.fi\/wp-content\/uploads\/2018\/03\/pexels-photo-288477.jpeg?fit=1200%2C900&ssl=1&resize=350%2C200","width":350,"height":200},"classes":[]},{"id":148,"url":"https:\/\/www.newportkeilalahti.fi\/?page_id=148","url_meta":{"origin":29,"position":1},"title":"Tietosuojak\u00e4yt\u00e4nt\u00f6","date":"huhtikuu 6, 2018","format":false,"excerpt":"T\u00e4m\u00e4 sivu sis\u00e4lt\u00e4\u00e4 informaatiota toimintatavoistamme liittyen henkil\u00f6kohtaisen informaation ker\u00e4\u00e4miseen, k\u00e4ytt\u00f6\u00f6n ja luovutukseen. K\u00e4yt\u00e4mme teid\u00e4n henkil\u00f6kohtaista informaatioita vain sivustomme tarjontaan ja kehitykseen. K\u00e4ytt\u00e4m\u00e4ll\u00e4 sivustoa, hyv\u00e4ksytte tietojen keruun ja k\u00e4yt\u00f6n t\u00e4m\u00e4n politiikan mukaisesti. TIETOJEN KERUU JA K\u00c4YTT\u00d6 K\u00e4ytt\u00e4ess\u00e4nne sivustoa saatamme pyyt\u00e4\u00e4 teit\u00e4 antamaan tiettyj\u00e4 henkil\u00f6kohtaisesti tunnistettavia tietoja, joilla teihin voidaan ottaa yhteytt\u00e4\u2026","rel":"","context":"Samankaltainen artikkeli","img":{"alt_text":"","src":"","width":0,"height":0},"classes":[]},{"id":17,"url":"https:\/\/www.newportkeilalahti.fi\/","url_meta":{"origin":29,"position":2},"title":"Kotisivu","date":"maaliskuu 25, 2018","format":false,"excerpt":"Newport Keilalahti New Port Yacht Club Keilalahti ry on perustettu 9.5.2017 edist\u00e4m\u00e4\u00e4n veneilyn turvallisuutta ja veneilykulttuuria satamassamme. Newport Keilalahti sijaitsee loistavalla paikalla L\u00e4nsiv\u00e4yl\u00e4n varrella Espoon ja Helsingin rajalla. Keilalahden metroasema on vain reilun 300 metrin p\u00e4\u00e4ss\u00e4 ja sataman l\u00e4hell\u00e4 on my\u00f6s hyv\u00e4t pys\u00e4k\u00f6intimahdollisuudet omalla autolla liikkuville. Sataman l\u00e4hell\u00e4 toimii my\u00f6s\u2026","rel":"","context":"Samankaltainen artikkeli","img":{"alt_text":"","src":"https:\/\/i1.wp.com\/www.newportkeilalahti.fi\/wp-content\/uploads\/2018\/03\/cropped-luxury-yacht-boat-speed-water-163236.jpeg?fit=1200%2C721&ssl=1&resize=350%2C200","width":350,"height":200},"classes":[]},{"id":114,"url":"https:\/\/www.newportkeilalahti.fi\/?page_id=114","url_meta":{"origin":29,"position":3},"title":"Venepaikat","date":"maaliskuu 27, 2018","format":false,"excerpt":"Satamapalveluista ja venepaikoista vastaa Keilalahti Marina Oy. Linkin takaa l\u00f6yd\u00e4t Keilalahden venesataman paikkakartan ja ajantasaisen hinnaston. Satamapalveluihin kuuluvat mm. s\u00e4hk\u00f6, vesi, WC, j\u00e4tehuolto, imutyhjennys, pys\u00e4k\u00f6inti ja vartiointi. Satamassa on mahdollisuus alla olevan taulukon kokoisiin venepaikkoihin. Alla olevasta linkist\u00e4 p\u00e4\u00e4set klikkaamalla Keilalahti Marina Oy:n sivuille. https:\/\/keilalahtimarina.fi\/","rel":"","context":"Samankaltainen artikkeli","img":{"alt_text":"","src":"https:\/\/i0.wp.com\/www.newportkeilalahti.fi\/wp-content\/uploads\/2018\/04\/venepaikkavuokraus_new_port_keilalahti-1100x430.jpg?fit=1100%2C430&ssl=1&resize=350%2C200","width":350,"height":200},"classes":[]},{"id":107,"url":"https:\/\/www.newportkeilalahti.fi\/?page_id=107","url_meta":{"origin":29,"position":4},"title":"Katsastukset","date":"maaliskuu 27, 2018","format":false,"excerpt":"Yhdistys j\u00e4rjest\u00e4\u00e4 veneiden katsastuksia kaksi kertaa vuodessa. Vuosikatsastus tehd\u00e4\u00e4n joka vuosi veneen ollessa purjehdusvalmiina, jolloin tarkastetaan turvallisuuteen vaikuttavat varusteet ja laitteet sek\u00e4 mahdolliset seuran ja liiton painopistealueiksi m\u00e4\u00e4r\u00e4\u00e4m\u00e4t kohdat. Katsastusm\u00e4\u00e4r\u00e4yksiin ja vaatimuksiin voit perehty\u00e4 SPV:n sivuilla. Valmistautuessasi veneen katsastukseen voit perehty\u00e4 vaatimuksiin t\u00e4\u00e4ll\u00e4. Seura pyrkii katsastamaan veneet huhti-toukokuun aikana. Sataman\u2026","rel":"","context":"Samankaltainen artikkeli","img":{"alt_text":"","src":"https:\/\/i0.wp.com\/www.newportkeilalahti.fi\/wp-content\/uploads\/2018\/04\/katsastus_todistus.jpg?fit=500%2C375&ssl=1&resize=350%2C200","width":350,"height":200},"classes":[]},{"id":54,"url":"https:\/\/www.newportkeilalahti.fi\/?page_id=54","url_meta":{"origin":29,"position":5},"title":"Palvelumme veneseuran j\u00e4senille","date":"maaliskuu 25, 2018","format":false,"excerpt":"Katsastukset J\u00e4rjest\u00e4mme kaksi kertaa vuodessa yhteiskatsastusp\u00e4iv\u00e4t. Mahdollisesti koronan takia katsastuksen toteutetaan videon avustuksella tartuntojen v\u00e4ltt\u00e4miseksi SPV:n ohjeiden mukaan, Veneturvallisuusp\u00e4iv\u00e4 Veneturvallisuusp\u00e4iv\u00e4n\u00e4 k\u00e4yd\u00e4\u00e4n l\u00e4pi veneilyyn ja kalustoon liittyvi\u00e4 turvallisuusasioita, sek\u00e4 j\u00e4rjestet\u00e4\u00e4n samassa yhteydess\u00e4 sammuttimien yhteishuolto. Koronan takia tilannetta seurataan koska voidaan seuraava pit\u00e4\u00e4. Sauna Yhdistyksell\u00e4mme on puusauna, jota vuokrataan yhdistyksemme j\u00e4senille sek\u00e4\u2026","rel":"","context":"Samankaltainen artikkeli","img":{"alt_text":"","src":"https:\/\/i1.wp.com\/www.newportkeilalahti.fi\/wp-content\/uploads\/2018\/03\/pexels-photo-271681.jpeg?fit=1200%2C798&ssl=1&resize=350%2C200","width":350,"height":200},"classes":[]}],"_links":{"self":[{"href":"https:\/\/www.newportkeilalahti.fi\/index.php?rest_route=\/wp\/v2\/pages\/29"}],"collection":[{"href":"https:\/\/www.newportkeilalahti.fi\/index.php?rest_route=\/wp\/v2\/pages"}],"about":[{"href":"https:\/\/www.newportkeilalahti.fi\/index.php?rest_route=\/wp\/v2\/types\/page"}],"author":[{"embeddable":true,"href":"https:\/\/www.newportkeilalahti.fi\/index.php?rest_route=\/wp\/v2\/users\/2"}],"replies":[{"embeddable":true,"href":"https:\/\/www.newportkeilalahti.fi\/index.php?rest_route=%2Fwp%2Fv2%2Fcomments&post=29"}],"version-history":[{"count":4,"href":"https:\/\/www.newportkeilalahti.fi\/index.php?rest_route=\/wp\/v2\/pages\/29\/revisions"}],"predecessor-version":[{"id":218,"href":"https:\/\/www.newportkeilalahti.fi\/index.php?rest_route=\/wp\/v2\/pages\/29\/revisions\/218"}],"wp:featuredmedia":[{"embeddable":true,"href":"https:\/\/www.newportkeilalahti.fi\/index.php?rest_route=\/wp\/v2\/media\/79"}],"wp:attachment":[{"href":"https:\/\/www.newportkeilalahti.fi\/index.php?rest_route=%2Fwp%2Fv2%2Fmedia&parent=29"}],"curies":[{"name":"wp","href":"https:\/\/api.w.org\/{rel}","templated":true}]}}