{"id":114,"date":"2018-03-27T13:05:56","date_gmt":"2018-03-27T10:05:56","guid":{"rendered":"https:\/\/newportkeilalahti.wordpress.com\/?page_id=114"},"modified":"2021-03-21T18:33:38","modified_gmt":"2021-03-21T18:33:38","slug":"venepaikat","status":"publish","type":"page","link":"https:\/\/www.newportkeilalahti.fi\/?page_id=114","title":{"rendered":"Venepaikat"},"content":{"rendered":"<p>Satamapalveluista ja venepaikoista vastaa Keilalahti Marina Oy. Linkin takaa l\u00f6yd\u00e4t Keilalahden venesataman paikkakartan ja ajantasaisen hinnaston. Satamapalveluihin kuuluvat mm. s\u00e4hk\u00f6, vesi, WC, j\u00e4tehuolto, imutyhjennys, pys\u00e4k\u00f6inti ja vartiointi. Satamassa on mahdollisuus alla olevan taulukon kokoisiin venepaikkoihin.<\/p>\n<p><img data-attachment-id=\"167\" data-permalink=\"https:\/\/www.newportkeilalahti.fi\/?attachment_id=167\" data-orig-file=\"https:\/\/i2.wp.com\/www.newportkeilalahti.fi\/wp-content\/uploads\/2018\/04\/venepaikat.jpg?fit=462%2C543&amp;ssl=1\" data-orig-size=\"462,543\" data-comments-opened=\"1\" data-image-meta=\"{&quot;aperture&quot;:&quot;0&quot;,&quot;credit&quot;:&quot;Forstadius Antti (Ext)&quot;,&quot;camera&quot;:&quot;&quot;,&quot;caption&quot;:&quot;&quot;,&quot;created_timestamp&quot;:&quot;1523054099&quot;,&quot;copyright&quot;:&quot;&quot;,&quot;focal_length&quot;:&quot;0&quot;,&quot;iso&quot;:&quot;0&quot;,&quot;shutter_speed&quot;:&quot;0&quot;,&quot;title&quot;:&quot;&quot;,&quot;orientation&quot;:&quot;0&quot;}\" data-image-title=\"Venepaikat\" data-image-description=\"\" data-medium-file=\"https:\/\/i2.wp.com\/www.newportkeilalahti.fi\/wp-content\/uploads\/2018\/04\/venepaikat.jpg?fit=255%2C300&amp;ssl=1\" data-large-file=\"https:\/\/i2.wp.com\/www.newportkeilalahti.fi\/wp-content\/uploads\/2018\/04\/venepaikat.jpg?fit=462%2C543&amp;ssl=1\" loading=\"lazy\" class=\"alignnone wp-image-167\" src=\"https:\/\/i2.wp.com\/www.newportkeilalahti.fi\/wp-content\/uploads\/2018\/04\/venepaikat.jpg?resize=257%2C302\" alt=\"Venepaikat\" width=\"257\" height=\"302\" srcset=\"https:\/\/i2.wp.com\/www.newportkeilalahti.fi\/wp-content\/uploads\/2018\/04\/venepaikat.jpg?w=462&amp;ssl=1 462w, https:\/\/i2.wp.com\/www.newportkeilalahti.fi\/wp-content\/uploads\/2018\/04\/venepaikat.jpg?resize=255%2C300&amp;ssl=1 255w\" sizes=\"(max-width: 257px) 100vw, 257px\" data-recalc-dims=\"1\" \/><\/p>\n<p>Alla olevasta linkist\u00e4 p\u00e4\u00e4set klikkaamalla Keilalahti Marina Oy:n sivuille.<\/p>\n<p><blockquote class=\"wp-embedded-content\" data-secret=\"R2easyqmyN\"><a href=\"https:\/\/keilalahtimarina.fi\/\">Keilalahti Marina<\/a><\/blockquote><iframe class=\"wp-embedded-content\" sandbox=\"allow-scripts\" security=\"restricted\" style=\"position: absolute; clip: rect(1px, 1px, 1px, 1px);\" title=\"&#8221;Keilalahti Marina&#8221; &#8212; Keilalahti Marina\" src=\"https:\/\/keilalahtimarina.fi\/embed\/#?secret=R2easyqmyN\" data-secret=\"R2easyqmyN\" width=\"600\" height=\"338\" frameborder=\"0\" marginwidth=\"0\" marginheight=\"0\" scrolling=\"no\"><\/iframe><\/p>\n\n\n<p><\/p>\n","protected":false},"excerpt":{"rendered":"<p>Satamapalveluista ja venepaikoista vastaa Keilalahti Marina Oy. Linkin takaa l\u00f6yd\u00e4t Keilalahden venesataman paikkakartan ja ajantasaisen hinnaston. Satamapalveluihin kuuluvat mm. s\u00e4hk\u00f6, vesi, WC, j\u00e4tehuolto, imutyhjennys, pys\u00e4k\u00f6inti ja vartiointi. Satamassa on mahdollisuus alla olevan taulukon kokoisiin venepaikkoihin. Alla olevasta linkist\u00e4 p\u00e4\u00e4set klikkaamalla Keilalahti Marina Oy:n sivuille. Keilalahti Marina<\/p>\n","protected":false},"author":2,"featured_media":168,"parent":0,"menu_order":0,"comment_status":"closed","ping_status":"closed","template":"","meta":{"spay_email":""},"jetpack_sharing_enabled":true,"jetpack_shortlink":"https:\/\/wp.me\/P9Oipr-1Q","jetpack-related-posts":[{"id":54,"url":"https:\/\/www.newportkeilalahti.fi\/?page_id=54","url_meta":{"origin":114,"position":0},"title":"Palvelumme veneseuran j\u00e4senille","date":"maaliskuu 25, 2018","format":false,"excerpt":"Katsastukset J\u00e4rjest\u00e4mme kaksi kertaa vuodessa yhteiskatsastusp\u00e4iv\u00e4t. Mahdollisesti koronan takia katsastuksen toteutetaan videon avustuksella tartuntojen v\u00e4ltt\u00e4miseksi SPV:n ohjeiden mukaan, Veneturvallisuusp\u00e4iv\u00e4 Veneturvallisuusp\u00e4iv\u00e4n\u00e4 k\u00e4yd\u00e4\u00e4n l\u00e4pi veneilyyn ja kalustoon liittyvi\u00e4 turvallisuusasioita, sek\u00e4 j\u00e4rjestet\u00e4\u00e4n samassa yhteydess\u00e4 sammuttimien yhteishuolto. Koronan takia tilannetta seurataan koska voidaan seuraava pit\u00e4\u00e4. Sauna Yhdistyksell\u00e4mme on puusauna, jota vuokrataan yhdistyksemme j\u00e4senille sek\u00e4\u2026","rel":"","context":"Samankaltainen artikkeli","img":{"alt_text":"","src":"https:\/\/i1.wp.com\/www.newportkeilalahti.fi\/wp-content\/uploads\/2018\/03\/pexels-photo-271681.jpeg?fit=1200%2C798&ssl=1&resize=350%2C200","width":350,"height":200},"classes":[]},{"id":62,"url":"https:\/\/www.newportkeilalahti.fi\/?page_id=62","url_meta":{"origin":114,"position":1},"title":"Kuinka l\u00f6yd\u00e4t meid\u00e4t","date":"maaliskuu 25, 2018","format":false,"excerpt":"Keilalahti Marina Oy","rel":"","context":"Samankaltainen artikkeli","img":{"alt_text":"","src":"https:\/\/i2.wp.com\/www.newportkeilalahti.fi\/wp-content\/uploads\/2018\/03\/newport-satellite.jpg?fit=1200%2C524&ssl=1&resize=350%2C200","width":350,"height":200},"classes":[]},{"id":17,"url":"https:\/\/www.newportkeilalahti.fi\/","url_meta":{"origin":114,"position":2},"title":"Kotisivu","date":"maaliskuu 25, 2018","format":false,"excerpt":"Newport Keilalahti New Port Yacht Club Keilalahti ry on perustettu 9.5.2017 edist\u00e4m\u00e4\u00e4n veneilyn turvallisuutta ja veneilykulttuuria satamassamme. Newport Keilalahti sijaitsee loistavalla paikalla L\u00e4nsiv\u00e4yl\u00e4n varrella Espoon ja Helsingin rajalla. Keilalahden metroasema on vain reilun 300 metrin p\u00e4\u00e4ss\u00e4 ja sataman l\u00e4hell\u00e4 on my\u00f6s hyv\u00e4t pys\u00e4k\u00f6intimahdollisuudet omalla autolla liikkuville. Sataman l\u00e4hell\u00e4 toimii my\u00f6s\u2026","rel":"","context":"Samankaltainen artikkeli","img":{"alt_text":"","src":"https:\/\/i1.wp.com\/www.newportkeilalahti.fi\/wp-content\/uploads\/2018\/03\/cropped-luxury-yacht-boat-speed-water-163236.jpeg?fit=1200%2C721&ssl=1&resize=350%2C200","width":350,"height":200},"classes":[]},{"id":27,"url":"https:\/\/www.newportkeilalahti.fi\/?page_id=27","url_meta":{"origin":114,"position":3},"title":"Hallitus","date":"maaliskuu 25, 2018","format":false,"excerpt":"New Port Yacht Club Keilalahti Ry Hallitus 2024 Mikko Nevala, Puheenjohtaja Jan Kansanaho Jukka Ylimutka, Hallituksen j\u00e4sen, sihteeri Lars G\u00e4rkman, Rahastonhoitaja, J\u00e4senasiat Ota yhteytt\u00e4: hallitus@newportkeilalahti.fi KatsastajatJan Kansanaho, p\u00e4\u00e4katsastajaJukka Kuusinen, katsastaja","rel":"","context":"Samankaltainen artikkeli","img":{"alt_text":"","src":"https:\/\/i0.wp.com\/www.newportkeilalahti.fi\/wp-content\/uploads\/2018\/03\/pexels-photo-288477.jpeg?fit=1200%2C900&ssl=1&resize=350%2C200","width":350,"height":200},"classes":[]},{"id":29,"url":"https:\/\/www.newportkeilalahti.fi\/?page_id=29","url_meta":{"origin":114,"position":4},"title":"Veneilytietoa","date":"maaliskuu 25, 2018","format":false,"excerpt":"SUULI on Suomen Purjehdus ja Veneily ry:n\u00a0j\u00e4sen- ja venerekisterij\u00e4rjestelm\u00e4.\u00a0 Suulissa hallinnoidaan j\u00e4sen- ja venerekistereit\u00e4, j\u00e4sen- ja muita maksuja sek\u00e4 veneiden katsastus- ja talvis\u00e4ilytystietoja. J\u00e4sen- ja venerekisterin tiedot ovat rajoitetusti my\u00f6s j\u00e4senten itsens\u00e4 n\u00e4ht\u00e4viss\u00e4 ja p\u00e4ivitett\u00e4viss\u00e4. J\u00e4senet voivat muokata esimerkiksi omia yhteystietojaan ja katsella itsellens\u00e4 rekister\u00f6ityjen veneiden katsastustietoja. Suulin\u00a0 sis\u00e4\u00e4nkirjautumissivu \u00a0\u2026","rel":"","context":"Samankaltainen artikkeli","img":{"alt_text":"","src":"https:\/\/i0.wp.com\/www.newportkeilalahti.fi\/wp-content\/uploads\/2018\/03\/pexels-photo-843633.jpeg?fit=1200%2C801&ssl=1&resize=350%2C200","width":350,"height":200},"classes":[]},{"id":148,"url":"https:\/\/www.newportkeilalahti.fi\/?page_id=148","url_meta":{"origin":114,"position":5},"title":"Tietosuojak\u00e4yt\u00e4nt\u00f6","date":"huhtikuu 6, 2018","format":false,"excerpt":"T\u00e4m\u00e4 sivu sis\u00e4lt\u00e4\u00e4 informaatiota toimintatavoistamme liittyen henkil\u00f6kohtaisen informaation ker\u00e4\u00e4miseen, k\u00e4ytt\u00f6\u00f6n ja luovutukseen. K\u00e4yt\u00e4mme teid\u00e4n henkil\u00f6kohtaista informaatioita vain sivustomme tarjontaan ja kehitykseen. K\u00e4ytt\u00e4m\u00e4ll\u00e4 sivustoa, hyv\u00e4ksytte tietojen keruun ja k\u00e4yt\u00f6n t\u00e4m\u00e4n politiikan mukaisesti. TIETOJEN KERUU JA K\u00c4YTT\u00d6 K\u00e4ytt\u00e4ess\u00e4nne sivustoa saatamme pyyt\u00e4\u00e4 teit\u00e4 antamaan tiettyj\u00e4 henkil\u00f6kohtaisesti tunnistettavia tietoja, joilla teihin voidaan ottaa yhteytt\u00e4\u2026","rel":"","context":"Samankaltainen artikkeli","img":{"alt_text":"","src":"","width":0,"height":0},"classes":[]}],"_links":{"self":[{"href":"https:\/\/www.newportkeilalahti.fi\/index.php?rest_route=\/wp\/v2\/pages\/114"}],"collection":[{"href":"https:\/\/www.newportkeilalahti.fi\/index.php?rest_route=\/wp\/v2\/pages"}],"about":[{"href":"https:\/\/www.newportkeilalahti.fi\/index.php?rest_route=\/wp\/v2\/types\/page"}],"author":[{"embeddable":true,"href":"https:\/\/www.newportkeilalahti.fi\/index.php?rest_route=\/wp\/v2\/users\/2"}],"replies":[{"embeddable":true,"href":"https:\/\/www.newportkeilalahti.fi\/index.php?rest_route=%2Fwp%2Fv2%2Fcomments&post=114"}],"version-history":[{"count":4,"href":"https:\/\/www.newportkeilalahti.fi\/index.php?rest_route=\/wp\/v2\/pages\/114\/revisions"}],"predecessor-version":[{"id":254,"href":"https:\/\/www.newportkeilalahti.fi\/index.php?rest_route=\/wp\/v2\/pages\/114\/revisions\/254"}],"wp:featuredmedia":[{"embeddable":true,"href":"https:\/\/www.newportkeilalahti.fi\/index.php?rest_route=\/wp\/v2\/media\/168"}],"wp:attachment":[{"href":"https:\/\/www.newportkeilalahti.fi\/index.php?rest_route=%2Fwp%2Fv2%2Fmedia&parent=114"}],"curies":[{"name":"wp","href":"https:\/\/api.w.org\/{rel}","templated":true}]}}