{"id":110,"date":"2018-03-27T13:06:00","date_gmt":"2018-03-27T10:06:00","guid":{"rendered":"https:\/\/newportkeilalahti.wordpress.com\/?page_id=110"},"modified":"2018-03-27T13:06:00","modified_gmt":"2018-03-27T10:06:00","slug":"sauna","status":"publish","type":"page","link":"https:\/\/www.newportkeilalahti.fi\/?page_id=110","title":{"rendered":"Sauna"},"content":{"rendered":"<p>Yhdistyksell\u00e4 on oma puul\u00e4mmitteinen sauna sataman yhteydess\u00e4, jota j\u00e4senet voivat vuokrata k\u00e4ytt\u00f6\u00f6ns\u00e4. Vuokraaja huolehtii itse saunan l\u00e4mmitt\u00e4misest\u00e4, sek\u00e4 siivoamisesta k\u00e4yt\u00f6n j\u00e4lkeen.<\/p>\n<p>Hinnasto ja kalenterivarausj\u00e4rjestelm\u00e4 tulossa l\u00e4hiaikoina.<\/p>\n<p>&nbsp;<\/p>\n","protected":false},"excerpt":{"rendered":"<p>Yhdistyksell\u00e4 on oma puul\u00e4mmitteinen sauna sataman yhteydess\u00e4, jota j\u00e4senet voivat vuokrata k\u00e4ytt\u00f6\u00f6ns\u00e4. Vuokraaja huolehtii itse saunan l\u00e4mmitt\u00e4misest\u00e4, sek\u00e4 siivoamisesta k\u00e4yt\u00f6n j\u00e4lkeen. Hinnasto ja kalenterivarausj\u00e4rjestelm\u00e4 tulossa l\u00e4hiaikoina. &nbsp;<\/p>\n","protected":false},"author":2,"featured_media":175,"parent":0,"menu_order":0,"comment_status":"closed","ping_status":"closed","template":"","meta":{"spay_email":""},"jetpack_sharing_enabled":true,"jetpack_shortlink":"https:\/\/wp.me\/P9Oipr-1M","jetpack-related-posts":[{"id":54,"url":"https:\/\/www.newportkeilalahti.fi\/?page_id=54","url_meta":{"origin":110,"position":0},"title":"Palvelumme veneseuran j\u00e4senille","date":"maaliskuu 25, 2018","format":false,"excerpt":"Katsastukset J\u00e4rjest\u00e4mme kaksi kertaa vuodessa yhteiskatsastusp\u00e4iv\u00e4t. Mahdollisesti koronan takia katsastuksen toteutetaan videon avustuksella tartuntojen v\u00e4ltt\u00e4miseksi SPV:n ohjeiden mukaan, Veneturvallisuusp\u00e4iv\u00e4 Veneturvallisuusp\u00e4iv\u00e4n\u00e4 k\u00e4yd\u00e4\u00e4n l\u00e4pi veneilyyn ja kalustoon liittyvi\u00e4 turvallisuusasioita, sek\u00e4 j\u00e4rjestet\u00e4\u00e4n samassa yhteydess\u00e4 sammuttimien yhteishuolto. Koronan takia tilannetta seurataan koska voidaan seuraava pit\u00e4\u00e4. Sauna Yhdistyksell\u00e4mme on puusauna, jota vuokrataan yhdistyksemme j\u00e4senille sek\u00e4\u2026","rel":"","context":"Samankaltainen artikkeli","img":{"alt_text":"","src":"https:\/\/i1.wp.com\/www.newportkeilalahti.fi\/wp-content\/uploads\/2018\/03\/pexels-photo-271681.jpeg?fit=1200%2C798&ssl=1&resize=350%2C200","width":350,"height":200},"classes":[]}],"_links":{"self":[{"href":"https:\/\/www.newportkeilalahti.fi\/index.php?rest_route=\/wp\/v2\/pages\/110"}],"collection":[{"href":"https:\/\/www.newportkeilalahti.fi\/index.php?rest_route=\/wp\/v2\/pages"}],"about":[{"href":"https:\/\/www.newportkeilalahti.fi\/index.php?rest_route=\/wp\/v2\/types\/page"}],"author":[{"embeddable":true,"href":"https:\/\/www.newportkeilalahti.fi\/index.php?rest_route=\/wp\/v2\/users\/2"}],"replies":[{"embeddable":true,"href":"https:\/\/www.newportkeilalahti.fi\/index.php?rest_route=%2Fwp%2Fv2%2Fcomments&post=110"}],"version-history":[{"count":0,"href":"https:\/\/www.newportkeilalahti.fi\/index.php?rest_route=\/wp\/v2\/pages\/110\/revisions"}],"wp:featuredmedia":[{"embeddable":true,"href":"https:\/\/www.newportkeilalahti.fi\/index.php?rest_route=\/wp\/v2\/media\/175"}],"wp:attachment":[{"href":"https:\/\/www.newportkeilalahti.fi\/index.php?rest_route=%2Fwp%2Fv2%2Fmedia&parent=110"}],"curies":[{"name":"wp","href":"https:\/\/api.w.org\/{rel}","templated":true}]}}